{"id":313,"date":"2026-03-29T11:44:04","date_gmt":"2026-03-29T11:44:04","guid":{"rendered":"https:\/\/galiba.hu\/?page_id=313"},"modified":"2026-03-29T11:46:09","modified_gmt":"2026-03-29T11:46:09","slug":"adatvedelem","status":"publish","type":"page","link":"https:\/\/galiba.hu\/index.php\/adatvedelem\/","title":{"rendered":"Adatv\u00e9delem"},"content":{"rendered":"\n<p class=\"has-large-font-size\"><strong>Adatv\u00e9delmi t\u00e1j\u00e9koztat\u00f3<\/strong><\/p>\n\n\n\n<p class=\"has-medium-font-size\">A weboldal \u00fczemeltet\u0151je elk\u00f6telezett a szem\u00e9lyes adatok v\u00e9delme mellett.<\/p>\n\n\n\n<p class=\"has-medium-font-size\">Milyen adatokat gy\u0171jt\u00fcnk:<\/p>\n\n\n\n<ul class=\"wp-block-list\">\n<li>N\u00e9v<\/li>\n\n\n\n<li>Email c\u00edm<\/li>\n\n\n\n<li>Telefonsz\u00e1m (foglal\u00e1s eset\u00e9n)<\/li>\n<\/ul>\n\n\n\n<p class=\"has-medium-font-size\">Az adatokat kiz\u00e1r\u00f3lag kapcsolattart\u00e1s \u00e9s szolg\u00e1ltat\u00e1s teljes\u00edt\u00e9se c\u00e9lj\u00e1b\u00f3l haszn\u00e1ljuk.<\/p>\n\n\n\n<p class=\"has-medium-font-size\">Az adatokat harmadik f\u00e9lnek nem adjuk \u00e1t, kiv\u00e9ve jogszab\u00e1lyi k\u00f6telezetts\u00e9g eset\u00e9n.<\/p>\n\n\n\n<p class=\"has-medium-font-size\">A felhaszn\u00e1l\u00f3 k\u00e9rheti adatai t\u00f6rl\u00e9s\u00e9t az al\u00e1bbi email c\u00edmen:<br><strong>info@galiba.hu<\/strong><\/p>\n\n\n\n<p><\/p>\n","protected":false},"excerpt":{"rendered":"<p>Adatv\u00e9delmi t\u00e1j\u00e9koztat\u00f3 A weboldal \u00fczemeltet\u0151je elk\u00f6telezett a szem\u00e9lyes adatok v\u00e9delme mellett. Milyen adatokat gy\u0171jt\u00fcnk: Az adatokat kiz\u00e1r\u00f3lag kapcsolattart\u00e1s \u00e9s szolg\u00e1ltat\u00e1s [&hellip;]<\/p>\n","protected":false},"author":1,"featured_media":0,"parent":0,"menu_order":0,"comment_status":"closed","ping_status":"closed","template":"","meta":{"site-sidebar-layout":"default","site-content-layout":"","ast-site-content-layout":"default","site-content-style":"default","site-sidebar-style":"default","ast-global-header-display":"","ast-banner-title-visibility":"","ast-main-header-display":"","ast-hfb-above-header-display":"","ast-hfb-below-header-display":"","ast-hfb-mobile-header-display":"","site-post-title":"disabled","ast-breadcrumbs-content":"","ast-featured-img":"","footer-sml-layout":"","ast-disable-related-posts":"","theme-transparent-header-meta":"","adv-header-id-meta":"","stick-header-meta":"","header-above-stick-meta":"","header-main-stick-meta":"","header-below-stick-meta":"","astra-migrate-meta-layouts":"default","ast-page-background-enabled":"default","ast-page-background-meta":{"desktop":{"background-color":"var(--ast-global-color-5)","background-image":"","background-repeat":"repeat","background-position":"center center","background-size":"auto","background-attachment":"scroll","background-type":"","background-media":"","overlay-type":"","overlay-color":"","overlay-opacity":"","overlay-gradient":""},"tablet":{"background-color":"","background-image":"","background-repeat":"repeat","background-position":"center center","background-size":"auto","background-attachment":"scroll","background-type":"","background-media":"","overlay-type":"","overlay-color":"","overlay-opacity":"","overlay-gradient":""},"mobile":{"background-color":"","background-image":"","background-repeat":"repeat","background-position":"center center","background-size":"auto","background-attachment":"scroll","background-type":"","background-media":"","overlay-type":"","overlay-color":"","overlay-opacity":"","overlay-gradient":""}},"ast-content-background-meta":{"desktop":{"background-color":"var(--ast-global-color-4)","background-image":"","background-repeat":"repeat","background-position":"center center","background-size":"auto","background-attachment":"scroll","background-type":"","background-media":"","overlay-type":"","overlay-color":"","overlay-opacity":"","overlay-gradient":""},"tablet":{"background-color":"var(--ast-global-color-4)","background-image":"","background-repeat":"repeat","background-position":"center center","background-size":"auto","background-attachment":"scroll","background-type":"","background-media":"","overlay-type":"","overlay-color":"","overlay-opacity":"","overlay-gradient":""},"mobile":{"background-color":"var(--ast-global-color-4)","background-image":"","background-repeat":"repeat","background-position":"center center","background-size":"auto","background-attachment":"scroll","background-type":"","background-media":"","overlay-type":"","overlay-color":"","overlay-opacity":"","overlay-gradient":""}},"footnotes":""},"class_list":["post-313","page","type-page","status-publish","hentry"],"_links":{"self":[{"href":"https:\/\/galiba.hu\/index.php\/wp-json\/wp\/v2\/pages\/313","targetHints":{"allow":["GET"]}}],"collection":[{"href":"https:\/\/galiba.hu\/index.php\/wp-json\/wp\/v2\/pages"}],"about":[{"href":"https:\/\/galiba.hu\/index.php\/wp-json\/wp\/v2\/types\/page"}],"author":[{"embeddable":true,"href":"https:\/\/galiba.hu\/index.php\/wp-json\/wp\/v2\/users\/1"}],"replies":[{"embeddable":true,"href":"https:\/\/galiba.hu\/index.php\/wp-json\/wp\/v2\/comments?post=313"}],"version-history":[{"count":4,"href":"https:\/\/galiba.hu\/index.php\/wp-json\/wp\/v2\/pages\/313\/revisions"}],"predecessor-version":[{"id":317,"href":"https:\/\/galiba.hu\/index.php\/wp-json\/wp\/v2\/pages\/313\/revisions\/317"}],"wp:attachment":[{"href":"https:\/\/galiba.hu\/index.php\/wp-json\/wp\/v2\/media?parent=313"}],"curies":[{"name":"wp","href":"https:\/\/api.w.org\/{rel}","templated":true}]}}