{"id":309,"date":"2026-03-29T11:38:11","date_gmt":"2026-03-29T11:38:11","guid":{"rendered":"https:\/\/galiba.hu\/?page_id=309"},"modified":"2026-03-29T11:40:58","modified_gmt":"2026-03-29T11:40:58","slug":"impresszum","status":"publish","type":"page","link":"https:\/\/galiba.hu\/index.php\/impresszum\/","title":{"rendered":"Impresszum"},"content":{"rendered":"\n<p class=\"has-medium-font-size\"><strong>\u00dczemeltet\u0151 adatai:<\/strong><br><br><strong>Szolg\u00e1ltat\u00f3 neve:<\/strong> Galiba Vend\u00e9gh\u00e1z \u00e9s M\u0171hely<br><strong>Tulajdonos:<\/strong> Szeksz\u00e1rdi M\u00e1rta<br><strong>Sz\u00e9khely:<\/strong> 8146 Jen\u0151, H\u0151s\u00f6k utca 10<br><strong>Ad\u00f3sz\u00e1m: <\/strong>47960136-1-27<br><strong>K\u00f6z\u00f6ss\u00e9gi ad\u00f3sz\u00e1m:<\/strong> HU<br><strong>Email:<\/strong> info@galiba.hu<br><strong>Telefonsz\u00e1m:<\/strong> +36 20 396 5001<\/p>\n\n\n\n<p class=\"has-medium-font-size\"><strong>T\u00e1rhelyszolg\u00e1ltat\u00f3:<\/strong><br><br><strong>Szolg\u00e1ltat\u00f3 neve:<\/strong> Sybell Informatika Kft.<br><strong>Szolg\u00e1ltat\u00f3 c\u00edme: <\/strong>1138 Budapest, Tomori utca 34. 2. emelet<br><strong>Szolg\u00e1ltat\u00f3 webhelye:<\/strong> sybell.hu<\/p>\n\n\n\n<p><\/p>\n","protected":false},"excerpt":{"rendered":"<p>\u00dczemeltet\u0151 adatai: Szolg\u00e1ltat\u00f3 neve: Galiba Vend\u00e9gh\u00e1z \u00e9s M\u0171helyTulajdonos: Szeksz\u00e1rdi M\u00e1rtaSz\u00e9khely: 8146 Jen\u0151, H\u0151s\u00f6k utca 10Ad\u00f3sz\u00e1m: 47960136-1-27K\u00f6z\u00f6ss\u00e9gi ad\u00f3sz\u00e1m: HUEmail: info@galiba.huTelefonsz\u00e1m: +36 [&hellip;]<\/p>\n","protected":false},"author":1,"featured_media":0,"parent":0,"menu_order":0,"comment_status":"closed","ping_status":"closed","template":"","meta":{"site-sidebar-layout":"default","site-content-layout":"","ast-site-content-layout":"default","site-content-style":"default","site-sidebar-style":"default","ast-global-header-display":"","ast-banner-title-visibility":"","ast-main-header-display":"","ast-hfb-above-header-display":"","ast-hfb-below-header-display":"","ast-hfb-mobile-header-display":"","site-post-title":"","ast-breadcrumbs-content":"","ast-featured-img":"","footer-sml-layout":"","ast-disable-related-posts":"","theme-transparent-header-meta":"","adv-header-id-meta":"","stick-header-meta":"","header-above-stick-meta":"","header-main-stick-meta":"","header-below-stick-meta":"","astra-migrate-meta-layouts":"default","ast-page-background-enabled":"default","ast-page-background-meta":{"desktop":{"background-color":"var(--ast-global-color-5)","background-image":"","background-repeat":"repeat","background-position":"center center","background-size":"auto","background-attachment":"scroll","background-type":"","background-media":"","overlay-type":"","overlay-color":"","overlay-opacity":"","overlay-gradient":""},"tablet":{"background-color":"","background-image":"","background-repeat":"repeat","background-position":"center center","background-size":"auto","background-attachment":"scroll","background-type":"","background-media":"","overlay-type":"","overlay-color":"","overlay-opacity":"","overlay-gradient":""},"mobile":{"background-color":"","background-image":"","background-repeat":"repeat","background-position":"center center","background-size":"auto","background-attachment":"scroll","background-type":"","background-media":"","overlay-type":"","overlay-color":"","overlay-opacity":"","overlay-gradient":""}},"ast-content-background-meta":{"desktop":{"background-color":"var(--ast-global-color-4)","background-image":"","background-repeat":"repeat","background-position":"center center","background-size":"auto","background-attachment":"scroll","background-type":"","background-media":"","overlay-type":"","overlay-color":"","overlay-opacity":"","overlay-gradient":""},"tablet":{"background-color":"var(--ast-global-color-4)","background-image":"","background-repeat":"repeat","background-position":"center center","background-size":"auto","background-attachment":"scroll","background-type":"","background-media":"","overlay-type":"","overlay-color":"","overlay-opacity":"","overlay-gradient":""},"mobile":{"background-color":"var(--ast-global-color-4)","background-image":"","background-repeat":"repeat","background-position":"center center","background-size":"auto","background-attachment":"scroll","background-type":"","background-media":"","overlay-type":"","overlay-color":"","overlay-opacity":"","overlay-gradient":""}},"footnotes":""},"class_list":["post-309","page","type-page","status-publish","hentry"],"_links":{"self":[{"href":"https:\/\/galiba.hu\/index.php\/wp-json\/wp\/v2\/pages\/309","targetHints":{"allow":["GET"]}}],"collection":[{"href":"https:\/\/galiba.hu\/index.php\/wp-json\/wp\/v2\/pages"}],"about":[{"href":"https:\/\/galiba.hu\/index.php\/wp-json\/wp\/v2\/types\/page"}],"author":[{"embeddable":true,"href":"https:\/\/galiba.hu\/index.php\/wp-json\/wp\/v2\/users\/1"}],"replies":[{"embeddable":true,"href":"https:\/\/galiba.hu\/index.php\/wp-json\/wp\/v2\/comments?post=309"}],"version-history":[{"count":3,"href":"https:\/\/galiba.hu\/index.php\/wp-json\/wp\/v2\/pages\/309\/revisions"}],"predecessor-version":[{"id":312,"href":"https:\/\/galiba.hu\/index.php\/wp-json\/wp\/v2\/pages\/309\/revisions\/312"}],"wp:attachment":[{"href":"https:\/\/galiba.hu\/index.php\/wp-json\/wp\/v2\/media?parent=309"}],"curies":[{"name":"wp","href":"https:\/\/api.w.org\/{rel}","templated":true}]}}